{"id":7,"date":"2012-11-15T23:14:02","date_gmt":"2012-11-15T23:14:02","guid":{"rendered":"http:\/\/www.equijust.com\/es\/?page_id=7"},"modified":"2024-04-12T09:29:01","modified_gmt":"2024-04-12T13:29:01","slug":"about-us","status":"publish","type":"page","link":"https:\/\/www.equijust.com\/es\/about-us\/","title":{"rendered":"Quienes Somos"},"content":{"rendered":"<p><a href=\"http:\/\/www.equijust.com\/es\/wp-content\/uploads\/2012\/11\/about.png\"><img loading=\"lazy\" decoding=\"async\" class=\"alignnone size-full wp-image-233\" title=\"about\" src=\"http:\/\/www.equijust.com\/es\/wp-content\/uploads\/2012\/11\/about.png\" alt=\"\" width=\"606\" height=\"187\" srcset=\"https:\/\/www.equijust.com\/es\/wp-content\/uploads\/2012\/11\/about.png 606w, https:\/\/www.equijust.com\/es\/wp-content\/uploads\/2012\/11\/about-300x92.png 300w, https:\/\/www.equijust.com\/es\/wp-content\/uploads\/2012\/11\/about-200x61.png 200w\" sizes=\"auto, (max-width: 606px) 100vw, 606px\" \/><\/a><\/p>\n<p>\u201cEquijust es una firma independiente de ajustadores especializados que se enfoca en las siguientes \u00e1reas de la industria de seguros: Riesgos Financieros y Profesionales (particularmente Crimen, RC Profesional, RC para Directores y Administradores), Cyber, Crimen Comercial, Retiro de productos, Responsabilidad por Productos, Cr\u00e9dito Comercial y Riesgo Pol\u00edtico.<\/p>\n<p>Creemos en mantener los m\u00e1s altos est\u00e1ndares de trabajo profesional e integridad para garantizar que:<\/p>\n<ul class=\"bulletlist\">\n<li>Se satisfagan las necesidades de nuestros clientes y se salvaguarden sus intereses en cada oportunidad posible.<\/li>\n<li>Todas las partes interesadas en un reclamo puedan estar seguras de que hemos actuado con total objetividad y equidad.<\/li>\n<\/ul>\n<p>Nuestros reportes presentan los diferentes \u00e1ngulos de los reclamos que manejamos en una forma clara, a la vez que proveen a nuestros clientes de la informaci\u00f3n necesaria para efectuar decisiones \u00f3ptimas de cobertura. Aportamos valor a\u00f1adido al enfocarnos tanto en los detalles espec\u00edficos de cada reclamo, como al efectuar recomendaciones de manejo de riesgos basadas en nuestra extensa experiencia a nivel mundial.<\/p>\n<p>Recibimos asignaciones de varios mercados internacionales de seguros y operamos desde nuestras tres sedes de oficinas en Londres, Miami y Bogot\u00e1. Cuando es del caso, utilizamos tambi\u00e9n los servicios de oficinas que trabajan directamente bajo nuestra franquicia en Sud\u00e1frica, as\u00ed como los servicios de asociados a nuestra red en Latinoam\u00e9rica, \u00c1frica, Medio y Lejano Oriente.<\/p>\n","protected":false},"excerpt":{"rendered":"<p>\u201cEquijust es una firma independiente de ajustadores especializados que se enfoca en las siguientes \u00e1reas de la industria de seguros: Riesgos Financieros y Profesionales (particularmente Crimen, RC Profesional, RC para Directores y Administradores), Cyber, Crimen Comercial, Retiro de productos, Responsabilidad por Productos, Cr\u00e9dito Comercial y Riesgo Pol\u00edtico. Creemos en mantener los m\u00e1s altos est\u00e1ndares de [&hellip;]<\/p>\n","protected":false},"author":1,"featured_media":0,"parent":0,"menu_order":0,"comment_status":"open","ping_status":"open","template":"","meta":{"footnotes":""},"class_list":["post-7","page","type-page","status-publish","hentry"],"_links":{"self":[{"href":"https:\/\/www.equijust.com\/es\/wp-json\/wp\/v2\/pages\/7","targetHints":{"allow":["GET"]}}],"collection":[{"href":"https:\/\/www.equijust.com\/es\/wp-json\/wp\/v2\/pages"}],"about":[{"href":"https:\/\/www.equijust.com\/es\/wp-json\/wp\/v2\/types\/page"}],"author":[{"embeddable":true,"href":"https:\/\/www.equijust.com\/es\/wp-json\/wp\/v2\/users\/1"}],"replies":[{"embeddable":true,"href":"https:\/\/www.equijust.com\/es\/wp-json\/wp\/v2\/comments?post=7"}],"version-history":[{"count":10,"href":"https:\/\/www.equijust.com\/es\/wp-json\/wp\/v2\/pages\/7\/revisions"}],"predecessor-version":[{"id":583,"href":"https:\/\/www.equijust.com\/es\/wp-json\/wp\/v2\/pages\/7\/revisions\/583"}],"wp:attachment":[{"href":"https:\/\/www.equijust.com\/es\/wp-json\/wp\/v2\/media?parent=7"}],"curies":[{"name":"wp","href":"https:\/\/api.w.org\/{rel}","templated":true}]}}