{"id":63,"date":"2012-11-26T00:22:48","date_gmt":"2012-11-26T00:22:48","guid":{"rendered":"http:\/\/www.equijust.com\/es\/?page_id=63"},"modified":"2013-01-02T16:20:28","modified_gmt":"2013-01-02T16:20:28","slug":"seguro-especial-contra-accidentes","status":"publish","type":"page","link":"https:\/\/www.equijust.com\/es\/expertise\/seguro-especial-contra-accidentes\/","title":{"rendered":"Seguro Especial contra Accidentes"},"content":{"rendered":"<ul class=\"bulletlist\">\n<li>Seguro de Cr\u00e9dito de Exportaci\u00f3n<\/li>\n<li>Indemnizaci\u00f3n por Frustraci\u00f3n de Contratos<\/li>\n<li>Confiscaci\u00f3n, Expropiaci\u00f3n y Nacionalizaci\u00f3n<\/li>\n<\/ul>\n<p><strong>Casos Representativos<\/strong><\/p>\n<ul class=\"bulletlist\">\n<li>P\u00e9rdidas por cr\u00e9ditos de exportaci\u00f3n en dos grandes compa\u00f1\u00edas papeleras suecas.<\/li>\n<li>Reclamos por cr\u00e9ditos de exportaciones, derivadas de las operaciones en Europa del Este de una compa\u00f1\u00eda de inversiones de m\u00ednimo riesgo.<\/li>\n<li>P\u00e9rdidas por cr\u00e9ditos de exportaciones en una importante compa\u00f1\u00eda qu\u00edmica holandesa.<\/li>\n<li>Seguro de riesgo de cr\u00e9dito de la contraparte para contratos de operaciones de energ\u00eda en USA.<\/li>\n<li>P\u00e9rdidas multimillonarias en USD por cr\u00e9ditos de exportaci\u00f3n para un proveedor de joyer\u00eda de la India al mercado de USA.<\/li>\n<li>Reclamo por frustraci\u00f3n de un contrato en China.<\/li>\n<\/ul>\n","protected":false},"excerpt":{"rendered":"<p>Seguro de Cr\u00e9dito de Exportaci\u00f3n Indemnizaci\u00f3n por Frustraci\u00f3n de Contratos Confiscaci\u00f3n, Expropiaci\u00f3n y Nacionalizaci\u00f3n Casos Representativos P\u00e9rdidas por cr\u00e9ditos de exportaci\u00f3n en dos grandes compa\u00f1\u00edas papeleras suecas. Reclamos por cr\u00e9ditos de exportaciones, derivadas de las operaciones en Europa del Este de una compa\u00f1\u00eda de inversiones de m\u00ednimo riesgo. P\u00e9rdidas por cr\u00e9ditos de exportaciones en una [&hellip;]<\/p>\n","protected":false},"author":2,"featured_media":0,"parent":9,"menu_order":3,"comment_status":"open","ping_status":"open","template":"","meta":{"footnotes":""},"class_list":["post-63","page","type-page","status-publish","hentry"],"_links":{"self":[{"href":"https:\/\/www.equijust.com\/es\/wp-json\/wp\/v2\/pages\/63","targetHints":{"allow":["GET"]}}],"collection":[{"href":"https:\/\/www.equijust.com\/es\/wp-json\/wp\/v2\/pages"}],"about":[{"href":"https:\/\/www.equijust.com\/es\/wp-json\/wp\/v2\/types\/page"}],"author":[{"embeddable":true,"href":"https:\/\/www.equijust.com\/es\/wp-json\/wp\/v2\/users\/2"}],"replies":[{"embeddable":true,"href":"https:\/\/www.equijust.com\/es\/wp-json\/wp\/v2\/comments?post=63"}],"version-history":[{"count":5,"href":"https:\/\/www.equijust.com\/es\/wp-json\/wp\/v2\/pages\/63\/revisions"}],"predecessor-version":[{"id":321,"href":"https:\/\/www.equijust.com\/es\/wp-json\/wp\/v2\/pages\/63\/revisions\/321"}],"up":[{"embeddable":true,"href":"https:\/\/www.equijust.com\/es\/wp-json\/wp\/v2\/pages\/9"}],"wp:attachment":[{"href":"https:\/\/www.equijust.com\/es\/wp-json\/wp\/v2\/media?parent=63"}],"curies":[{"name":"wp","href":"https:\/\/api.w.org\/{rel}","templated":true}]}}