{"id":61,"date":"2012-11-26T00:21:56","date_gmt":"2012-11-26T05:21:56","guid":{"rendered":"http:\/\/www.equijust.com\/es\/?page_id=61"},"modified":"2015-12-16T12:14:48","modified_gmt":"2015-12-16T17:14:48","slug":"accidentes","status":"publish","type":"page","link":"https:\/\/www.equijust.com\/es\/expertise\/accidentes\/","title":{"rendered":"Accidentes"},"content":{"rendered":"<p>Nuestra experiencia en este tipo de exposici\u00f3n de responsabilidad incluye industrias de alimentos, electricidad, suministros m\u00e9dicos, juguetes y bebidas. En todos los casos trabajamos de cerca con los Aseguradores, con expertos nombrados, con el Asegurado o con sus representantes, buscando la resoluci\u00f3n pronta y efectiva del reclamo.<\/p>\n<ul class=\"bulletlist\">\n<li>Retiro de Productos<\/li>\n<li>Responsabilidad Civil por Productos<\/li>\n<li>Manipulaci\u00f3n Dolosa<\/li>\n<\/ul>\n<p><strong>Casos Representativos <\/strong><\/p>\n<ul class=\"bulletlist\">\n<li>P\u00e9rdidas por contaminaci\u00f3n accidental en cervecer\u00edas en Reino Unido.<\/li>\n<li>Contaminaci\u00f3n afectando a una firma l\u00edder en producci\u00f3n de refrescos en Reino Unido.<\/li>\n<li>Manipulaci\u00f3n maliciosa en una f\u00e1brica de cigarrillos en Malasia.<\/li>\n<li>Contaminaci\u00f3n\/Extorsi\u00f3n afectando a una importante productora internacional de productos de confiter\u00eda.<\/li>\n<li>Productos m\u00e9dicos defectuosos en USA.<\/li>\n<\/ul>\n","protected":false},"excerpt":{"rendered":"<p>Nuestra experiencia en este tipo de exposici\u00f3n de responsabilidad incluye industrias de alimentos, electricidad, suministros m\u00e9dicos, juguetes y bebidas. En todos los casos trabajamos de cerca con los Aseguradores, con expertos nombrados, con el Asegurado o con sus representantes, buscando la resoluci\u00f3n pronta y efectiva del reclamo. Retiro de Productos Responsabilidad Civil por Productos Manipulaci\u00f3n [&hellip;]<\/p>\n","protected":false},"author":2,"featured_media":0,"parent":9,"menu_order":3,"comment_status":"open","ping_status":"closed","template":"","meta":{"footnotes":""},"class_list":["post-61","page","type-page","status-publish","hentry"],"_links":{"self":[{"href":"https:\/\/www.equijust.com\/es\/wp-json\/wp\/v2\/pages\/61","targetHints":{"allow":["GET"]}}],"collection":[{"href":"https:\/\/www.equijust.com\/es\/wp-json\/wp\/v2\/pages"}],"about":[{"href":"https:\/\/www.equijust.com\/es\/wp-json\/wp\/v2\/types\/page"}],"author":[{"embeddable":true,"href":"https:\/\/www.equijust.com\/es\/wp-json\/wp\/v2\/users\/2"}],"replies":[{"embeddable":true,"href":"https:\/\/www.equijust.com\/es\/wp-json\/wp\/v2\/comments?post=61"}],"version-history":[{"count":5,"href":"https:\/\/www.equijust.com\/es\/wp-json\/wp\/v2\/pages\/61\/revisions"}],"predecessor-version":[{"id":347,"href":"https:\/\/www.equijust.com\/es\/wp-json\/wp\/v2\/pages\/61\/revisions\/347"}],"up":[{"embeddable":true,"href":"https:\/\/www.equijust.com\/es\/wp-json\/wp\/v2\/pages\/9"}],"wp:attachment":[{"href":"https:\/\/www.equijust.com\/es\/wp-json\/wp\/v2\/media?parent=61"}],"curies":[{"name":"wp","href":"https:\/\/api.w.org\/{rel}","templated":true}]}}