{"id":58,"date":"2012-11-26T00:20:45","date_gmt":"2012-11-26T05:20:45","guid":{"rendered":"http:\/\/www.equijust.com\/es\/?page_id=58"},"modified":"2015-12-16T12:14:31","modified_gmt":"2015-12-16T17:14:31","slug":"crimen-comercial","status":"publish","type":"page","link":"https:\/\/www.equijust.com\/es\/expertise\/crimen-comercial\/","title":{"rendered":"Crimen Comercial"},"content":{"rendered":"<p>Las p\u00f3lizas de Crimen Comercial se est\u00e1n convirtiendo en la norma en vez de la excepci\u00f3n a nivel mundial, no solamente para corporaciones multinacionales sino tambi\u00e9n para peque\u00f1as y medianas empresas. Los numerosos reclamos de crimen comercial que hemos manejado para diversos clientes en varios pa\u00edses, caen primordialmente bajo las siguientes categor\u00edas:<\/p>\n<ul class=\"bulletlist\">\n<li>Deshonestidad de Empleados<\/li>\n<li>Fraudes de Abastecimiento y Proveedores<\/li>\n<li>Robo de Inventario<\/li>\n<li>Fraudes de Ingenier\u00eda Social<\/li>\n<li>Crimen Cibern\u00e9tico<\/li>\n<\/ul>\n<p><strong>Casos Representativos<\/strong><\/p>\n<ul class=\"bulletlist\">\n<li>P\u00e9rdida multimillonaria en USD por robo de inventario de productos extra\u00eddos de una bodega y centro de distribuci\u00f3n operados por una compa\u00f1\u00eda estadounidense en Brasil.<\/li>\n<li>Desfalco cometido por un gerente de una gran cadena hotelera en Montreal, Canad\u00e1.<\/li>\n<li>Fraudes internos en una importante compa\u00f1\u00eda de inversiones de m\u00ednimo riesgo, en sus operaciones en Escocia, Rusia, Portugal, B\u00e9lgica y Alemania, entre otras.<\/li>\n<li>Fraude de adquisiciones en un aeropuerto boliviano, implicando a la totalidad de su departamento de contabilidad.<\/li>\n<li>Fraude de banca por internet perpetrado por m\u00e1s de USD 1 mill\u00f3n en contra de un hotel en M\u00e9xico.<\/li>\n<li>Falsificaci\u00f3n de carta de cr\u00e9dito expedida para soportar la venta de una subsidiaria de juegos de azar por parte de una cadena hotelera en Reino Unido.<\/li>\n<li>Hurto de inventario de cacao en una bodega en Tabasco, M\u00e9xico.<\/li>\n<li>Fraude de adquisiciones dentro de una destacada firma internacional de contabilidad en USA.<\/li>\n<\/ul>\n","protected":false},"excerpt":{"rendered":"<p>Las p\u00f3lizas de Crimen Comercial se est\u00e1n convirtiendo en la norma en vez de la excepci\u00f3n a nivel mundial, no solamente para corporaciones multinacionales sino tambi\u00e9n para peque\u00f1as y medianas empresas. Los numerosos reclamos de crimen comercial que hemos manejado para diversos clientes en varios pa\u00edses, caen primordialmente bajo las siguientes categor\u00edas: Deshonestidad de Empleados [&hellip;]<\/p>\n","protected":false},"author":2,"featured_media":0,"parent":9,"menu_order":2,"comment_status":"open","ping_status":"closed","template":"","meta":{"footnotes":""},"class_list":["post-58","page","type-page","status-publish","hentry"],"_links":{"self":[{"href":"https:\/\/www.equijust.com\/es\/wp-json\/wp\/v2\/pages\/58","targetHints":{"allow":["GET"]}}],"collection":[{"href":"https:\/\/www.equijust.com\/es\/wp-json\/wp\/v2\/pages"}],"about":[{"href":"https:\/\/www.equijust.com\/es\/wp-json\/wp\/v2\/types\/page"}],"author":[{"embeddable":true,"href":"https:\/\/www.equijust.com\/es\/wp-json\/wp\/v2\/users\/2"}],"replies":[{"embeddable":true,"href":"https:\/\/www.equijust.com\/es\/wp-json\/wp\/v2\/comments?post=58"}],"version-history":[{"count":5,"href":"https:\/\/www.equijust.com\/es\/wp-json\/wp\/v2\/pages\/58\/revisions"}],"predecessor-version":[{"id":348,"href":"https:\/\/www.equijust.com\/es\/wp-json\/wp\/v2\/pages\/58\/revisions\/348"}],"up":[{"embeddable":true,"href":"https:\/\/www.equijust.com\/es\/wp-json\/wp\/v2\/pages\/9"}],"wp:attachment":[{"href":"https:\/\/www.equijust.com\/es\/wp-json\/wp\/v2\/media?parent=58"}],"curies":[{"name":"wp","href":"https:\/\/api.w.org\/{rel}","templated":true}]}}