{"id":56,"date":"2012-11-26T00:19:50","date_gmt":"2012-11-26T00:19:50","guid":{"rendered":"http:\/\/www.equijust.com\/es\/?page_id=56"},"modified":"2015-12-18T09:29:37","modified_gmt":"2015-12-18T14:29:37","slug":"lineas-financieras-y-riesgos-profesionales-responsabilidades","status":"publish","type":"page","link":"https:\/\/www.equijust.com\/es\/expertise\/lineas-financieras-y-riesgos-profesionales-responsabilidades\/","title":{"rendered":"L\u00edneas Financieras y Riesgos Profesionales\/Responsabilidades"},"content":{"rendered":"<p>Estas son nuestras \u00e1reas principales de operaci\u00f3n, investigando reclamos hechos por una amplia gama de instituciones, incluyendo bancos, firmas de inversi\u00f3n, corredores de bolsa, asesores financieros, contadores, corredores de seguros y entidades estatales. Manejamos reclamos efectuados bajo los siguientes tipos de p\u00f3liza:<\/p>\n<ul class=\"bulletlist\">\n<li>P\u00f3liza Global Bancaria (BBB)<\/li>\n<li>Delitos Electr\u00f3nicos y Crimen por Computador<\/li>\n<li>Cobertura de Tarjetas Pl\u00e1sticas<\/li>\n<li>Indemnizaci\u00f3n Profesional\/Errores y Omisiones<\/li>\n<li>Directores y Administradores<\/li>\n<li>Responsabilidad de Servidores P\u00fablicos<\/li>\n<\/ul>\n<p><strong>Casos Representativos<\/strong><\/p>\n<ul class=\"bulletlist\">\n<li>Fraude multimillonario en USD, con respecto a conocimientos de embarque y cartas de cr\u00e9dito perpetrado contra bancos en Emiratos \u00c1rabes Unidos y otros lugares en el Medio Oriente.<\/li>\n<li>Infidelidad por USD 90 millones en Corea del Sur, relacionada con cartas de cr\u00e9dito.<\/li>\n<li>Fraude de adquisiciones por EUR 2,5 millones en un banco en Mosc\u00fa.<\/li>\n<li>Carta de cr\u00e9dito falsificada en Sud\u00e1frica.<\/li>\n<li>Comercio il\u00edcito de divisas extranjeras en Polonia.<\/li>\n<li>Robos a dep\u00f3sitos en cajillas de seguridad, ocurridos en Noruega, Espa\u00f1a y Colombia.<\/li>\n<li>Reclamos de \u201cfalsedad ideol\u00f3gica.\u201d P\u00e9rdida de fondos de cr\u00e9dito mediante falsificaci\u00f3n de documentos de registro de tierras en Bolivia.<\/li>\n<li>Infidelidad por USD 20 millones, perpetrada por la gerente de una agencia bancaria en Bogot\u00e1 a trav\u00e9s de pr\u00e9stamos ficticios.<\/li>\n<li>Infidelidad por USD 1,4 millones involucrando banca paralela en Ucrania.<\/li>\n<li>P\u00e9rdida de USD 1,5 millones en \u201coperaciones comerciales,\u201d tras un anticipo de fondos contra instrumentos de dep\u00f3sitos bancarios no compensados, ocurrida en Venezuela.<\/li>\n<li>Ataques de Denegaci\u00f3n de Servicio y manipulaci\u00f3n de portafolios de clientes en una plataforma de transacciones en l\u00ednea Egipcia.<\/li>\n<li>Ajuste y revisi\u00f3n de reclamos de tarjetas pl\u00e1sticas (cr\u00e9dito\/d\u00e9bito) para operadores Visa y MasterCard en Colombia, L\u00edbano y Turqu\u00eda.<\/li>\n<li>Reclamos multimillonarios en GBP contra una entidad financiera en Reino Unido por venta abusiva de bonos de inversi\u00f3n regulados.<\/li>\n<li>Reclamos contra asesores financieros por venta abusiva de productos financieros no regulados.<\/li>\n<li>Reclamo de negligencia professional contra\u00a0firma de arquitectos respect del dise\u00f1o\/construcci\u00f3n de un hotel vacacional en Malta.<\/li>\n<li>Litigio multimillonario en USD contra la oficina Surcoreana de Pr\u00e1ctica de Contabilidad Internacional.<\/li>\n<li>Denuncias de abuso de confianza y violaci\u00f3n de leyes anti-monopolio en Brasil por parte de un proveedor local de cables de fibra \u00f3ptica, contra directores y administradores de una compa\u00f1\u00eda de telecomunicaciones.<\/li>\n<li>Acusaciones de negligencia contra una firma inversionista en Reino Unido por ventas err\u00f3neas de acciones e instrumentos derivados.<\/li>\n<li>Reclamo de responsabilidad civil contra una compa\u00f1\u00eda de sistemas por p\u00e9rdida de datos.<\/li>\n<li>Reclamo contra una firma comisionista de bolsa en Grecia por mal manejo de derechos de emisiones.<\/li>\n<li>Litigio contra la bolsa de valores de un pa\u00eds en Am\u00e9rica Latina tras la expulsi\u00f3n de miembros de su junta directiva.<\/li>\n<li>Investigaci\u00f3n por USD 15 millones por parte de la Contralor\u00eda General de Colombia respecto de la compra y operaci\u00f3n de una subsidiaria de televisi\u00f3n efectuada por servidores p\u00fablicos de alto rango en una entidad de servicios p\u00fablicos.<\/li>\n<\/ul>\n","protected":false},"excerpt":{"rendered":"<p>Estas son nuestras \u00e1reas principales de operaci\u00f3n, investigando reclamos hechos por una amplia gama de instituciones, incluyendo bancos, firmas de inversi\u00f3n, corredores de bolsa, asesores financieros, contadores, corredores de seguros y entidades estatales. Manejamos reclamos efectuados bajo los siguientes tipos de p\u00f3liza: P\u00f3liza Global Bancaria (BBB) Delitos Electr\u00f3nicos y Crimen por Computador Cobertura de Tarjetas [&hellip;]<\/p>\n","protected":false},"author":2,"featured_media":0,"parent":9,"menu_order":0,"comment_status":"open","ping_status":"open","template":"","meta":{"footnotes":""},"class_list":["post-56","page","type-page","status-publish","hentry"],"_links":{"self":[{"href":"https:\/\/www.equijust.com\/es\/wp-json\/wp\/v2\/pages\/56","targetHints":{"allow":["GET"]}}],"collection":[{"href":"https:\/\/www.equijust.com\/es\/wp-json\/wp\/v2\/pages"}],"about":[{"href":"https:\/\/www.equijust.com\/es\/wp-json\/wp\/v2\/types\/page"}],"author":[{"embeddable":true,"href":"https:\/\/www.equijust.com\/es\/wp-json\/wp\/v2\/users\/2"}],"replies":[{"embeddable":true,"href":"https:\/\/www.equijust.com\/es\/wp-json\/wp\/v2\/comments?post=56"}],"version-history":[{"count":5,"href":"https:\/\/www.equijust.com\/es\/wp-json\/wp\/v2\/pages\/56\/revisions"}],"predecessor-version":[{"id":389,"href":"https:\/\/www.equijust.com\/es\/wp-json\/wp\/v2\/pages\/56\/revisions\/389"}],"up":[{"embeddable":true,"href":"https:\/\/www.equijust.com\/es\/wp-json\/wp\/v2\/pages\/9"}],"wp:attachment":[{"href":"https:\/\/www.equijust.com\/es\/wp-json\/wp\/v2\/media?parent=56"}],"curies":[{"name":"wp","href":"https:\/\/api.w.org\/{rel}","templated":true}]}}