{"id":42,"date":"2012-11-25T23:58:26","date_gmt":"2012-11-25T23:58:26","guid":{"rendered":"http:\/\/www.equijust.com\/es\/?page_id=42"},"modified":"2024-04-12T09:28:44","modified_gmt":"2024-04-12T13:28:44","slug":"our-team","status":"publish","type":"page","link":"https:\/\/www.equijust.com\/es\/about-us\/our-team\/","title":{"rendered":"Nuestro Equipo"},"content":{"rendered":"<h3 class=\"bio-header\">Londres<\/h3>\n<article id=\"post-79\"  >\n<div class=\"bio-listing\">\n<div class=\"bio-thumb\" style=\"min-width:140px\"><a href=\"https:\/\/www.equijust.com\/es\/our-team-profile\/bill-parry\/\" class=\"framed fancy\" ><img decoding=\"async\"  src=\"https:\/\/www.equijust.com\/es\/wp-content\/uploads\/2012\/12\/bill-125x162.png\" class=\"align-left\" alt=\"Bill Parry\" title=\"Bill Parry\" \/><\/a><\/div>\n<div class=\"bio-desc\">\n<p><strong><a title=\"Bill Parry\" href=\"http:\/\/www.equijust.com\/es\/our-team-profile\/bill-parry\/\">Bill Parry<\/a><\/strong> Director en la oficina de Londres, es uno de los miembros fundadores de Equijust cuando la empresa se fund\u00f3 en 1996. \u00c9l empez\u00f3 su carrera de seguro como subscriptor de reaseguro internacional, antes de convertirse en ajustador en 1992.  Actualmente se dedica a manejar reclamos en Europa, el Medio Oriente y Asia-Pac\u00edfico. \u00c9l habla espa\u00f1ol fluido y ha trabajado extensamente en Am\u00e9rica Latina.<\/p>\n<p>E-mail: <a href=\"mailto:bill.parry@equijust.com\">bill.parry@equijust.com<\/a><a href=\"http:\/\/uk.linkedin.com\/pub\/bill-parry\/17\/ba5\/173\" target=\"_blank\" class=\"socials-small linkedin-small\" original-title=\"LinkedIn\" style=\"float:right;margin-right:100px\" title=\"LinkedIn\">linkedin<\/a><\/a><\/p>\n<\/div>\n<\/div>\n<\/article>\n<div class=\"clr\"><\/div>\n<article id=\"post-80\"  >\n<div class=\"bio-listing\">\n<div class=\"bio-thumb\" style=\"min-width:140px\"><a href=\"https:\/\/www.equijust.com\/es\/our-team-profile\/nigel-perkins\/\" class=\"framed fancy\" ><img decoding=\"async\"  src=\"https:\/\/www.equijust.com\/es\/wp-content\/uploads\/2012\/12\/nigel-125x162.png\" class=\"align-left\" alt=\"Nigel Perkins\" title=\"Nigel Perkins\" \/><\/a><\/div>\n<div class=\"bio-desc\">\n<p><strong><a title=\"Nigel Perkins\" href=\"http:\/\/www.equijust.com\/es\/our-team-profile\/nigel-perkins\/\">Nigel Perkins<\/a><\/strong>, quien se uni\u00f3 a Equijust en 1999, tiene certificaci\u00f3n ACII, ACILA y un diploma en derecho, as\u00ed como un Certificado en Pr\u00e1ctica Jur\u00eddica para abogados. Con sede en Londres y director desde 2012, Nigel maneja reclamos internacionales con enfoque en Europa, Medio Oriente, \u00c1frica y Asia-Pac\u00edfico. <\/p>\n<p>E-mail: <a href=\"mailto:nigel.perkins@equijust.com\">nigel.perkins@equijust.com<\/a><a href=\"http:\/\/www.linkedin.com\/pub\/nigel-perkins\/64\/267\/b71\" target=\"_blank\" class=\"socials-small linkedin-small\" original-title=\"LinkedIn\" style=\"float:right;margin-right:100px\" title=\"LinkedIn\">linkedin<\/a><\/a><\/p>\n<\/div>\n<\/div>\n<\/article>\n<div class=\"clr\"><\/div>\n<article id=\"post-81\"  >\n<div class=\"bio-listing\">\n<div class=\"bio-thumb\" style=\"min-width:140px\"><a href=\"https:\/\/www.equijust.com\/es\/our-team-profile\/jamie-mackenzie\/\" class=\"framed fancy\" ><img decoding=\"async\"  src=\"https:\/\/www.equijust.com\/es\/wp-content\/uploads\/2012\/12\/jamie-125x162.png\" class=\"align-left\" alt=\"Jamie Mackenzie\" title=\"Jamie Mackenzie\" \/><\/a><\/div>\n<div class=\"bio-desc\">\n<p><strong><a title=\"Jamie Mackenzie\" href=\"http:\/\/www.equijust.com\/es\/our-team-profile\/jamie-mackenzie\/\">Jamie Mackenzie<\/a><\/strong>, graduado de la Universidad de St. Andrews, se uni\u00f3 a la compa\u00f1\u00eda en 1999 y fue nombrado director el 2012. Con sede en nuestra oficina de Londres, \u00e9l maneja predominantemente instituciones financieras, delitos comerciales, reclamos de Cyber y de RC Profesional en Reino Unido, Medio Oriente, Europa del Este y el Lejano Oriente.<\/p>\n<p>E-mail: <a href=\"mailto:jamie.mackenzie@equijust.com\">jamie.mackenzie@equijust.com<\/a><a href=\"http:\/\/www.linkedin.com\/pub\/jamie-mackenzie\/54\/994\/979\" target=\"_blank\" class=\"socials-small linkedin-small\" original-title=\"LinkedIn\" style=\"float:right;margin-right:100px\" title=\"LinkedIn\">linkedin<\/a><\/a><\/p>\n<\/div>\n<\/div>\n<\/article>\n<div class=\"clr\"><\/div>\n<article id=\"post-366\"  >\n<div class=\"bio-listing\">\n<div class=\"bio-thumb\" style=\"min-width:140px\"><a href=\"https:\/\/www.equijust.com\/es\/our-team-profile\/simon-bailey\/\" class=\"framed fancy\" ><img decoding=\"async\"  src=\"https:\/\/www.equijust.com\/es\/wp-content\/uploads\/2015\/02\/simon-bailey-125x162.jpg\" class=\"align-left\" alt=\"Simon Bailey\" title=\"Simon Bailey\" \/><\/a><\/div>\n<div class=\"bio-desc\">\n<p><strong><a title=\"Simon Bailey\" href=\"http:\/\/www.equijust.com\/es\/our-team-profile\/simon-bailey\/\">Simon Bailey<\/a><\/strong> (Director) se gradu\u00f3 con honores del King\u2019s College de London y tiene 20 a\u00f1os de experiencia ajustando reclamos de instituciones financieras, Cyber, PI y D&#038;O, principalmente en Am\u00e9rica Latina y el Caribe pero tambi\u00e9n en \u00c1frica Subsahariana. \u00c9l habla espa\u00f1ol fluido y est\u00e1 basado en nuestras oficinas principales en Londres.<\/p>\n<p>E-mail: <a href=\"mailto:simon.bailey@equijust.com\">simon.bailey@equijust.com<\/a><a href=\"https:\/\/www.linkedin.com\/profile\/view?id=104157984&#038;authType=NAME_SEARCH&#038;authToken=Ca_B&#038;locale=en_US&#038;trk=tyah2&#038;trkInfo=idx%3A1-1-1%2CtarId%3A1424790130762%2Ctas%3Asimon+bailey\" target=\"_blank\" class=\"socials-small linkedin-small\" original-title=\"LinkedIn\" style=\"float:right;margin-right:100px\" title=\"LinkedIn\">linkedin<\/a><\/a><\/p>\n<\/div>\n<\/div>\n<\/article>\n<div class=\"clr\"><\/div>\n<article id=\"post-398\"  >\n<div class=\"bio-listing\">\n<div class=\"bio-thumb\" style=\"min-width:140px\"><a href=\"https:\/\/www.equijust.com\/es\/our-team-profile\/roger-kent\/\" class=\"framed fancy\" ><img decoding=\"async\"  src=\"https:\/\/www.equijust.com\/es\/wp-content\/uploads\/2016\/06\/Roger-Kemp-photo-125x162.jpg\" class=\"align-left\" alt=\"Roger Kemp\" title=\"Roger Kemp\" \/><\/a><\/div>\n<div class=\"bio-desc\">\n<p><strong><a href=\"http:\/\/www.equijust.com\/es\/?post_type=our-team-profile&amp;p=398&amp;preview=true\" target=\"_blank\" rel=\"noopener\">Roger Kemp<\/a><\/strong> &#8211; Tras desempe\u00f1arse como Director de Reclamos en HSBC, donde manej\u00f3 reclamos de crimen financieros globales del grupo, Roger ha sido ajustador de l\u00edneas financieras y riesgos profesionales desde 1999 y se uni\u00f3 a Equijust en 2016. Tiene experiencia particularmente en Europa, Medio Oriente y el Subcontinente Asi\u00e1tico, centr\u00e1ndose en p\u00e9rdidas de Indemnizaci\u00f3n Profesional y de delitos complejos.<\/p>\n<p>E-mail: <a href=\"mailto:roger.kemp@equijust.com\">roger.kemp@equijust.com<\/a><\/p>\n<\/div>\n<\/div>\n<\/article>\n<div class=\"clr\"><\/div>\n<p>&nbsp;<\/p>\n<h3 class=\"bio-header\">Miami<\/h3>\n<article id=\"post-84\"  >\n<div class=\"bio-listing\">\n<div class=\"bio-thumb\" style=\"min-width:140px\"><a href=\"https:\/\/www.equijust.com\/es\/our-team-profile\/anton-kidd\/\" class=\"framed fancy\" ><img decoding=\"async\"  src=\"https:\/\/www.equijust.com\/es\/wp-content\/uploads\/2012\/11\/bio_0003_Layer-2-125x162.jpg\" class=\"align-left\" alt=\"Anton Kidd\" title=\"Anton Kidd\" \/><\/a><\/div>\n<div class=\"bio-desc\">\n<p><strong><a title=\"Anton Kidd\" href=\"http:\/\/www.equijust.com\/es\/our-team-profile\/anton-kidd\/\">Anton Kidd<\/a><\/strong> es socio fundador y director de Equijust desde 1996, habiendo sido previamente gerente de una importante compa\u00f1\u00eda de ajustadores internacionales con sede en Bogot\u00e1, desde 1991 hasta 1996. Anton es titulado en Historia, tiene certificaci\u00f3n ACII y ACILA. Anton habla espa\u00f1ol y ha manejado algunos de los reclamos de instituciones financieras m\u00e1s complejos en las Am\u00e9ricas y el Caribe.<\/p>\n<p>E-mail: <a href=\"mailto:anton.kidd@equijust.com\">anton.kidd@equijust.com<\/a><a href=\"http:\/\/www.linkedin.com\/pub\/anton-kidd\/1\/b26\/690\" target=\"_blank\" class=\"socials-small linkedin-small\" original-title=\"LinkedIn\" style=\"float:right;margin-right:100px\" title=\"LinkedIn\">linkedin<\/a><\/a><\/p>\n<\/div>\n<\/div>\n<\/article>\n<div class=\"clr\"><\/div>\n<article id=\"post-85\"  >\n<div class=\"bio-listing\">\n<div class=\"bio-thumb\" style=\"min-width:140px\"><a href=\"https:\/\/www.equijust.com\/es\/our-team-profile\/daniel-mcnamara\/\" class=\"framed fancy\" ><img decoding=\"async\"  src=\"https:\/\/www.equijust.com\/es\/wp-content\/uploads\/2012\/11\/bio_0002_Layer-3-125x162.jpg\" class=\"align-left\" alt=\"Daniel McNamara\" title=\"Daniel McNamara\" \/><\/a><\/div>\n<div class=\"bio-desc\">\n<p><strong><a title=\"Daniel McNamara\" href=\"http:\/\/www.equijust.com\/es\/our-team-profile\/daniel-mcnamara\/\">Daniel McNamara<\/a><\/strong> ingres\u00f3 a Equijust, proveniente de una importante firma corredora de seguros, en junio de 2003. Tiene grados universitarios en Econom\u00eda y Ciencia Pol\u00edtica as\u00ed como un MBA de la University of Florida. Nombrado director en marzo de 2018, Daniel habla espa\u00f1ol, ingl\u00e9s y portugu\u00e9s. Si bien predominantemente maneja reclamaciones en toda Am\u00e9rica Latina (incluyendo Brasil), tambi\u00e9n maneja casos en los Estados Unidos y el Caribe. Daniel es Ajustador Licenciado en Bienes y Accidentes en el Estado de la Florida. <\/p>\n<p>E-mail: <a href=\"mailto:daniel.mcnamara@equijust.com\">daniel.mcnamara@equijust.com<\/a><a href=\"http:\/\/www.linkedin.com\/pub\/daniel-mcnamara\/1b\/593\/91b\" target=\"_blank\" class=\"socials-small linkedin-small\" original-title=\"LinkedIn\" style=\"float:right;margin-right:100px\" title=\"LinkedIn\">linkedin<\/a><\/a><\/p>\n<\/div>\n<\/div>\n<\/article>\n<div class=\"clr\"><\/div>\n<article id=\"post-458\"  >\n<div class=\"bio-listing\">\n<div class=\"bio-thumb\" style=\"min-width:140px\"><a href=\"https:\/\/www.equijust.com\/es\/our-team-profile\/johanna-sarmiento\/\" class=\"framed fancy\" ><img decoding=\"async\"  src=\"https:\/\/www.equijust.com\/es\/wp-content\/uploads\/2018\/02\/Johanna-Photo-125x162.jpg\" class=\"align-left\" alt=\"Johanna Sarmiento\" title=\"Johanna Sarmiento\" \/><\/a><\/div>\n<div class=\"bio-desc\">\n<p><a href=\"http:\/\/www.equijust.com\/es\/our-team-profile\/johanna-sarmiento\/\"><strong>Johanna Sarmiento<\/strong><\/a> se uni\u00f3 a Equijust en diciembre del 2017. Tiene un t\u00edtulo universitario en Administraci\u00f3n de Empresas, ella habla ingl\u00e9s y espa\u00f1ol.<\/p>\n<p>Johanna tiene una amplia experiencia en el campo administrativo y contable. Ella, adem\u00e1s, trae a Equijust m\u00e1s de 10 a\u00f1os de experiencia en el \u00e1rea de servicio al cliente.<\/p>\n<p>E-mail: <a href=\"mailto:johanna.sarmiento@equijust.com\">johanna.sarmiento@equijust.com<\/a><\/p>\n<\/div>\n<\/div>\n<\/article>\n<div class=\"clr\"><\/div>\n<p>&nbsp;<\/p>\n<h3 class=\"bio-header\">Bogot\u00e1<\/h3>\n<article id=\"post-382\"  >\n<div class=\"bio-listing\">\n<div class=\"bio-thumb\" style=\"min-width:140px\"><a href=\"https:\/\/www.equijust.com\/es\/our-team-profile\/carolina-cuellar\/\" class=\"framed fancy\" ><img decoding=\"async\"  src=\"https:\/\/www.equijust.com\/es\/wp-content\/uploads\/2015\/12\/carolina-125x162.jpg\" class=\"align-left\" alt=\"Carolina Cuellar\" title=\"Carolina Cuellar\" \/><\/a><\/div>\n<div class=\"bio-desc\">\n<p><strong><a href=\"http:\/\/www.equijust.com\/our-team-profile\/carolina-cuellar\/\">Carolina Cuellar<\/a><\/strong>\u00a0es abogada calificada y especialista anti-fraude (ACFS) acreditada en Londres. Es especializada en negocios internacionales y tiene gran experiencia en delitos financieros \u00a0e investigaciones de fraude, as\u00ed como en seguimiento y recuperaci\u00f3n de activos y en litigio multi-jurisdiccional. Carolina se uni\u00f3 a Equijust en 2015, tras trabajar en Londres tanto en una de las firmas \u201cBig Four\u201d del sector de consultor\u00eda y auditor\u00eda, as\u00ed como en otra firma ajustadora. Carolina es biling\u00fce y maneja reclamos de Instituciones Financieras y de Crimen Comercial, as\u00ed como reclamos de Indemnizaci\u00f3n Profesional y de Directores y Administradores en Am\u00e9rica Latina y el Caribe.<\/p>\n<p>E-mail: <a href=\"mailto:carolina.cuellar@equijust.com\">carolina.cuellar@equijust.com<\/a><\/p>\n<\/div>\n<\/div>\n<\/article>\n<div class=\"clr\"><\/div>\n<article id=\"post-591\"  >\n<div class=\"bio-listing\">\n<div class=\"bio-thumb\" style=\"min-width:140px\"><a href=\"https:\/\/www.equijust.com\/es\/our-team-profile\/stephanie-gutierrez\/\" class=\"framed fancy\" ><img decoding=\"async\"  src=\"https:\/\/www.equijust.com\/es\/wp-content\/uploads\/2025\/01\/StephanieGutierrez-125x162.jpg\" class=\"align-left\" alt=\"Stephanie Guti\u00e9rrez\" title=\"Stephanie Guti\u00e9rrez\" \/><\/a><\/div>\n<div class=\"bio-desc\">\n<p><a href=\"https:\/\/www.equijust.com\/es\/our-team-profile\/stephanie-gutierrez\/\">Stephanie Guti\u00e9rrez<\/a> es Abogada con especialidad en Seguros y Seguridad Social, cuenta con 10 a\u00f1os de experiencia en el sector asegurador, desempe\u00f1\u00e1ndose en compa\u00f1\u00edas aseguradoras y ajustadores de seguros. Su trayectoria se ha centrado en la atenci\u00f3n y gesti\u00f3n de reclamaciones relacionadas con Responsabilidad Civil y L\u00edneas Financieras en Am\u00e9rica Latina. Stephanie se uni\u00f3 a Equijust en enero del 2025.<\/p>\n<p>E-mail: <a href=\"mailto:stephanie.gutierrez@equijust.com\">stephanie.gutierrez@equijust.com<\/a><\/p>\n<\/div>\n<\/div>\n<\/article>\n<div class=\"clr\"><\/div>\n<p>&nbsp;<\/p>\n<h3 class=\"bio-header\">Operaciones de Franquicia<\/h3>\n<p>Equijust mantiene oficinas con franquicia en Durban (Sud\u00e1frica).<\/p>\n","protected":false},"excerpt":{"rendered":"<p>&nbsp; &nbsp; &nbsp; Operaciones de Franquicia Equijust mantiene oficinas con franquicia en Durban (Sud\u00e1frica).<\/p>\n","protected":false},"author":2,"featured_media":0,"parent":7,"menu_order":0,"comment_status":"open","ping_status":"open","template":"","meta":{"footnotes":""},"class_list":["post-42","page","type-page","status-publish","hentry"],"_links":{"self":[{"href":"https:\/\/www.equijust.com\/es\/wp-json\/wp\/v2\/pages\/42","targetHints":{"allow":["GET"]}}],"collection":[{"href":"https:\/\/www.equijust.com\/es\/wp-json\/wp\/v2\/pages"}],"about":[{"href":"https:\/\/www.equijust.com\/es\/wp-json\/wp\/v2\/types\/page"}],"author":[{"embeddable":true,"href":"https:\/\/www.equijust.com\/es\/wp-json\/wp\/v2\/users\/2"}],"replies":[{"embeddable":true,"href":"https:\/\/www.equijust.com\/es\/wp-json\/wp\/v2\/comments?post=42"}],"version-history":[{"count":6,"href":"https:\/\/www.equijust.com\/es\/wp-json\/wp\/v2\/pages\/42\/revisions"}],"predecessor-version":[{"id":582,"href":"https:\/\/www.equijust.com\/es\/wp-json\/wp\/v2\/pages\/42\/revisions\/582"}],"up":[{"embeddable":true,"href":"https:\/\/www.equijust.com\/es\/wp-json\/wp\/v2\/pages\/7"}],"wp:attachment":[{"href":"https:\/\/www.equijust.com\/es\/wp-json\/wp\/v2\/media?parent=42"}],"curies":[{"name":"wp","href":"https:\/\/api.w.org\/{rel}","templated":true}]}}